{"id":447,"date":"2015-11-26T14:04:31","date_gmt":"2015-11-26T13:04:31","guid":{"rendered":"http:\/\/anneemery.fr\/?page_id=447"},"modified":"2024-07-06T19:01:51","modified_gmt":"2024-07-06T18:01:51","slug":"publications","status":"publish","type":"page","link":"https:\/\/www.anneemery.fr\/index.php\/publications\/","title":{"rendered":"Texts"},"content":{"rendered":"\n&#8211; <a href=\"http:\/\/www.anneemery.fr\/wp-content\/uploads\/2023\/10\/1_texte_marie_gaitzsch.pdf\" data-type=\"URL\" data-id=\"http:\/\/www.anneemery.fr\/wp-content\/uploads\/2023\/10\/1_texte_marie_gaitzsch.pdf\">75e Biennale d&rsquo;art contemporain, mus\u00e9e des Beaux-Arts de La Chaux-de-Fonds, Jubiler encore ! Texte Marie Gaitzsch, Conservateur adjointe du mus\u00e9e.<\/a><br>\n&#8211; <a href=\"http:\/\/www.anneemery.fr\/wp-content\/uploads\/2023\/10\/EMERY_Montigny_catalogue_A5_v7_nume\u0301rique.pdf\" data-type=\"URL\" data-id=\"http:\/\/www.anneemery.fr\/wp-content\/uploads\/2023\/10\/EMERY_Montigny_catalogue_A5_v7_nume\u0301rique.pdf\">Conservatoire des Arts, Montigny le Bretonneux (catalogue de l&rsquo;exposition).<\/a><br>\n&#8211; <a href=\"http:\/\/www.anneemery.fr\/wp-content\/uploads\/2023\/10\/1_texte_proust.pdf\" data-type=\"URL\" data-id=\"http:\/\/www.anneemery.fr\/wp-content\/uploads\/2023\/10\/1_texte_proust.pdf\">Le temps de la couleur avec Marcel Proust, texte de Fr\u00e9d\u00e9rique Paumier-Moch, galerie 2.13PM.<\/a><br>\n<!-- - <a href=\"http:\/\/www.anneemery.fr\/wp-content\/uploads\/2022\/02\/8_DOSSIER-PRESSE_Galerie-du-Lendemain_A.Emery_4.pdf\" data-type=\"URL\" data-id=\"http:\/\/www.anneemery.fr\/wp-content\/uploads\/2022\/02\/8_DOSSIER-PRESSE_Galerie-du-Lendemain_A.Emery_4.pdf\">Galerie du lendemain \/ Alice et les intrigants<\/a>  <br>-->&#8211; <a href=\"http:\/\/www.anneemery.fr\/wp-content\/uploads\/2022\/02\/chronique_marquet1.jpg\" data-type=\"URL\" data-id=\"http:\/\/www.anneemery.fr\/wp-content\/uploads\/2022\/02\/chronique_marquet1.jpg\">Il y a un Albert Marquet dans la salle de bains<\/a><br>&#8211; <a href=\"http:\/\/www.anneemery.fr\/wp-content\/uploads\/2022\/02\/texteflocon.jpg\" data-type=\"URL\" data-id=\"http:\/\/www.anneemery.fr\/wp-content\/uploads\/2022\/02\/texteflocon.jpg\">Une br\u00e8ve histoire des marges, Mus\u00e9e des Beaux-Arts de La Chaux-De-Fonds<\/a>\n\n\n\n<br>&#8211;<a href=\"http:\/\/www.anneemery.fr\/wp-content\/uploads\/2022\/02\/brevehistoiredesmarges.jpg\" data-type=\"URL\" data-id=\"http:\/\/www.anneemery.fr\/wp-content\/uploads\/2022\/02\/brevehistoiredesmarges.jpg\">74\u00e8me biennale &#8211; Une br\u00e8ve histoire des marges<\/a><br><a href=\"http:\/\/www.anneemery.fr\/wp-content\/uploads\/2022\/02\/texte_cecile_dufay.pdf\" data-type=\"URL\" data-id=\"http:\/\/www.anneemery.fr\/wp-content\/uploads\/2022\/02\/texte_cecile_dufay.pdf\">&#8211; <\/a><a href=\"http:\/\/www.anneemery.fr\/wp-content\/uploads\/2022\/02\/Anne-Emery-un-retable-pour-Proust.pdf\" data-type=\"URL\" data-id=\"http:\/\/www.anneemery.fr\/wp-content\/uploads\/2022\/02\/Anne-Emery-un-retable-pour-Proust.pdf\">Texte de C\u00e9cile Dufay  Le retable de la couleur\/en compagnie de Marcel Proust<\/a>\n\n\n\n<br>&#8211;<a href=\"http:\/\/www.anneemery.fr\/wp-content\/uploads\/2022\/02\/Affiches-dAlsace-et-de-Lorraine-7-1-2020-scaled.jpg\" data-type=\"URL\" data-id=\"http:\/\/www.anneemery.fr\/wp-content\/uploads\/2022\/02\/Affiches-dAlsace-et-de-Lorraine-7-1-2020-scaled.jpg\">100 flocons parfaits &#8211; Galerie Chantal Bamberger<\/a><br>&#8211; <a href=\"http:\/\/anneemery.fr\/wp-content\/uploads\/2015\/11\/EmeryAnneTexte.pdf\">Texte d&rsquo;Anne Emery sur son travail<\/a><br>&#8211; <a href=\"http:\/\/anneemery.fr\/wp-content\/uploads\/2015\/11\/EmeryPaumierMoch2016.pdf\">Texte de Fr\u00e9d\u00e9rique Paumier-Moch \u00e0 l&rsquo;occasion de l&rsquo;exposition <i>Car il y a un rose ciel comme il y a un bleu ciel<\/i><\/a><br>&#8211; <a href=\"http:\/\/anneemery.fr\/wp-content\/uploads\/2017\/03\/PRESSE-03-2015-CQ.pdf\">Communiqu\u00e9 de presse de Las\u00e9cu pour l&rsquo;exposition de mars 2015<\/a><br>&#8211; <a href=\"http:\/\/anneemery.fr\/wp-content\/uploads\/2015\/11\/pierrewat11.pdf\">Pierre Wat, Vestiges de la sensation \u2013 galerie Charlotte Norberg. 2011<\/a><br><a href=\"http:\/\/anneemery.fr\/wp-content\/uploads\/2015\/11\/pierrewat09.pdf\">&#8211; Pierre Wat, Un air familier &#8211; galerie Charlotte Norberg. 2009<\/a><br><a href=\"http:\/\/anneemery.fr\/wp-content\/uploads\/2015\/11\/pironneaunorberg09.pdf\">&#8211; Am\u00e9lie Pironneau, Anne Emery &#8211; galerie Charlotte Norberg. 2009<\/a><br>&#8211; Zuritipp. 2009<br><a href=\"http:\/\/anneemery.fr\/wp-content\/uploads\/2015\/11\/anousparis08.pdf\">&#8211; A nous Paris (city guide), Les artistes d\u00b4Everydays gallery. 2008<\/a><br><a href=\"http:\/\/anneemery.fr\/wp-content\/uploads\/2015\/11\/pironneaumaloja.pdf\">&#8211; Texte Am\u00e9lie Pironneau, Maloja. 2007<\/a> \/ <a href=\"http:\/\/anneemery.fr\/wp-content\/uploads\/2015\/11\/pironneaumalojaall.pdf\">Deutsche<\/a><br>&#8211; Zuritipp. 2004<br>&#8211; Catalogue, Lexmark European art prize. S\u00e9lection of finalists. 2004<br>&#8211; Zurban. novembre 2002<br>&#8211; Art actuel, Agenda Paris. 2002<br><a href=\"http:\/\/anneemery.fr\/wp-content\/uploads\/2015\/11\/pironneauvoir.pdf\">&#8211; Am\u00e9lie Pironneau, Voir c\u00b4est avoir&#8230; . 2002<\/a><br><a href=\"http:\/\/anneemery.fr\/wp-content\/uploads\/2015\/11\/libe99.pdf\">&#8211; Lib\u00e9ration, H.F Debailleux (Guide : qu\u00b4est-ce que je peux faire). 1999<\/a><br>&#8211; Pariscope. 1999<br>&#8211; Catalogue, Nairs art in engiadina bassa. Dokumentation. 1999<br>&#8211; Catalogue, Voi siete qui. Artisti svizzeri \/ critici ilaliani. A cura di Daniela Lancioni. Anne Emery \/ Carlo Alberto Bucci. 1998<br>&#8211; Elle qui s\u00b4est mise nue devant son aim\u00e9, Galerie Alessandro Vivas, Paris. 1996<br>&#8211; Samedi Litt\u00e9raire, par Philippe Mathonnet : Jeune art suisse : quel toupet ! 1998<br>&#8211; Le nouveau quotidien, Laurent Wolf : 23 artistes dans l\u00b4air du temps ont re\u00e7us le prix f\u00e9d\u00e9ral des beaux-arts<br>&#8211; Journal de Gen\u00e8ve et gazette de Lausanne, H\u00e9l\u00e8ne Tanvel- Dorsay : le concours f\u00e9d\u00e9ral des Beaux-arts se penche sur l\u00b4image et l\u00b4identit\u00e9. 1996<br>&#8211; Catalogue, Laur\u00e9ates et laur\u00e9ats du concours f\u00e9d\u00e9ral des beaux-arts. Centre d\u00b4art contemporain Gen\u00e8ve. 1996<br>&#8211; <a rel=\"noopener\" href=\"http:\/\/www.letempsarchives.ch\/page\/LNQ_1996_11_22\/34\/article\/9963370\/%22anne%20emery%22\" target=\"_blank\">Laurent Wolf, \u00ab Anne Emery fragmente les corps \u00bb, Le Nouveau Quotidien,\u200e 22 novembre 1996, p. 34<\/a><br>&#8211; <a rel=\"noopener\" href=\"http:\/\/www.letempsarchives.ch\/page\/JDG_1997_06_14\/29\/article\/9551427\/%22anne%20emery%22\" target=\"_blank\">Philippe Mathonnet, \u00ab Jeune art suisse : quel toupet ! \u00bb, Journal de Gen\u00e8ve et Gazette de Lausanne,\u200e 14-15\/06\/1997, p. 29<\/a>\n\n\n\n<p><\/p>\n","protected":false},"excerpt":{"rendered":"<p>&#8211; 75e Biennale d&rsquo;art contemporain, mus\u00e9e des Beaux-Arts de La Chaux-de-Fonds, Jubiler encore ! Texte Marie Gaitzsch, Conservateur adjointe du mus\u00e9e. &#8211; Conservatoire des Arts, Montigny le Bretonneux (catalogue de l&rsquo;exposition). &#8211; Le temps de la couleur avec Marcel Proust, texte de Fr\u00e9d\u00e9rique Paumier-Moch, galerie 2.13PM. &#8211; Il y a un Albert Marquet dans la [&hellip;]<\/p>\n","protected":false},"author":1,"featured_media":0,"parent":0,"menu_order":0,"comment_status":"closed","ping_status":"closed","template":"","meta":[],"_links":{"self":[{"href":"https:\/\/www.anneemery.fr\/index.php\/wp-json\/wp\/v2\/pages\/447"}],"collection":[{"href":"https:\/\/www.anneemery.fr\/index.php\/wp-json\/wp\/v2\/pages"}],"about":[{"href":"https:\/\/www.anneemery.fr\/index.php\/wp-json\/wp\/v2\/types\/page"}],"author":[{"embeddable":true,"href":"https:\/\/www.anneemery.fr\/index.php\/wp-json\/wp\/v2\/users\/1"}],"replies":[{"embeddable":true,"href":"https:\/\/www.anneemery.fr\/index.php\/wp-json\/wp\/v2\/comments?post=447"}],"version-history":[{"count":62,"href":"https:\/\/www.anneemery.fr\/index.php\/wp-json\/wp\/v2\/pages\/447\/revisions"}],"predecessor-version":[{"id":2685,"href":"https:\/\/www.anneemery.fr\/index.php\/wp-json\/wp\/v2\/pages\/447\/revisions\/2685"}],"wp:attachment":[{"href":"https:\/\/www.anneemery.fr\/index.php\/wp-json\/wp\/v2\/media?parent=447"}],"curies":[{"name":"wp","href":"https:\/\/api.w.org\/{rel}","templated":true}]}}