{"id":443,"date":"2015-11-26T13:53:40","date_gmt":"2015-11-26T12:53:40","guid":{"rendered":"http:\/\/anneemery.fr\/?page_id=443"},"modified":"2024-10-23T21:26:57","modified_gmt":"2024-10-23T20:26:57","slug":"biographie","status":"publish","type":"page","link":"https:\/\/www.anneemery.fr\/index.php\/biographie\/","title":{"rendered":"Biography"},"content":{"rendered":"\n<p>Solo exhibitions<\/p>\n\n\n\n<p>&#8211; Anne Emery pr\u00e9sent\u00e9e par Yoyo Maeght, Paris &#8211; 2024<br>\n&#8211; Conservatoire des Arts de Montigny le Bretonneux &#8211; 2023<br> &#8211; Anne Emery &#8211; Le temps de la couleur avec Marcel Proust, Galerie 2.13pm, Bougival &#8211; 2023<br> &#8211; Galerie du Lendemain, Alice et les intrigants, Paris &#8211; 2022<br>&#8211; Galerie Mondapart, Vivre au bord du monde, Boulogne &#8211; 2020<br>&#8211; Galerie Chantal Bamberger, Strasbourg &#8211; 2019<br>&#8211; Galerie 2.13pm, La Celle Saint Cloud &#8211; 2016<br>&#8211; Galerie Susanna R\u00fcegg, Zurich &#8211; 2016<br>&#8211; Las\u00e9cu, espace d&rsquo;art contemporain, Lille &#8211; 2015<br>&#8211; Galerie Chantal Bamberger, Strasbourg &#8211; 2014<br>&#8211; WE SUISSE#2 &#8211; Galerie Omnibus et Galerie Jean Greset, Besan\u00e7on &#8211; 2013<br>&#8211; Galerie Charlotte Norberg, Paris &#8211; 2011<br>&#8211; Galerie Charlotte Norberg, Paris &#8211; 2009<br>&#8211; Galerie Susanna R\u00fcegg edition &amp; poesie, Zurich &#8211; 2009<br>&#8211; Galerie Susanna R\u00fcegg edition &amp; poesie, Zurich &#8211; 2007<br>&#8211; Mediatheque, Saint Gr\u00e9goire &#8211; 2004<br>&#8211; Galerie Stephan Witschi, Zurich &#8211; 2004<br>&#8211; Ambassade de Suisse, Paris &#8211; 2002<br>&#8211; Espace Confluences, Paris &#8211; 2001<br>&#8211; Galerie Art &amp; Patrimoine, Paris &#8211; 1999<br>&#8211; Galerie des Amis des Arts, Neuch\u00e2tel, Suisse &#8211; 1985<br>&#8211; Galerie Suisse, Paris &#8211; 1985<\/p>\n\n\n\n<p>Group exhibitions<\/p>\n\n\n\n<p> &#8211; En Douceur, Galerie 2.13 pm, Bougival &#8211; 2024<br> &#8211; Vivre la lumi\u00e8re, Galerie du Lendemain\/Galerie Nocte, Paris &#8211; 2024<br> &#8211; 75e Biennale d&rsquo;art contemporain, mus\u00e9e des Beaux-Arts, La Chaux-de-Fonds &#8211; 2023<br> &#8211; \u00ab\u00a0En chemin\u00a0\u00bb, un regard sur le paysage, Galerie du Lendemain, Paris -2023<br> &#8211; POP-UP GALERIES &#8211; Fondation Fernet-Branca &#8211; Galerie Chantal Bamberger, Saint-Louis &#8211; 2022<br> &#8211; Affordable ArtFair, Galerie C\u00e9cile Dufay, Bruxelles, Belgique &#8211; 2021<br>&#8211; 74e biennale, Une br\u00e8ve histoire des marges, Mus\u00e9e des Beaux-Arts, La Chaux-De-Fonds, Suisse &#8211; 2021<br>&#8211; FATart ARTfair, Schaffhouse, Suisse, 2021<br>&#8211; FATart Artfair, Schaffhouse, Suisse, 2020<br>&#8211; FATart women in art, Shaffhouse &#8211; 2019<br>&#8211; Intimit\u00e9 collective &#8211; Enroute Susanna R\u00fcegg, St\u00e4fa &#8211; 2019<br>&#8211; Eclore, Galerie 2.13pm, Bougival &#8211; 2019<br>&#8211; FATart, ARTfair Shaffhouse, Suisse &#8211; 2018<br>&#8211; Hi September, Galerie Vitrine 65, Paris &#8211; 2018<br>&#8211; FATart \u00abit\u2019s time to get fat\u00bb, Artmuc, Munich, Allemagne &#8211; 2018<br>&#8211; Quoi de neuf ? Galerie 2.13pm, Bougival &#8211; 2018<br>&#8211;\u00a0<span class=\"Apple-style-span\">FRUEHLINGSERWACHEN,\u00a0Galerie Susanna R\u00fcegg, Zurich &#8211; 2017<\/span><br>&#8211; Las\u00e9cu, espace d&rsquo;art contemporain, Lille &#8211; 2016<br>&#8211; START, salon europ\u00e9en d&rsquo;art contemporain, Strasbourg &#8211; 2016<br>&#8211; To Remember, Galerie Susanna R\u00fcegg, Zurich &#8211; 2015<br>&#8211; 71\u00e8me biennale d&rsquo;art contemporain, La Chaux-De-Fonds &#8211; 2013<br>&#8211; She&rsquo;s a rainbow &#8211; Galerie jean Greset, Besan\u00e7on &#8211; 2013<br>&#8211; La galerie livr\u00e9e aux artistes, Duos &#8211; Galerie Charlotte Norberg, Paris &#8211; 2012<br>&#8211; 70\u00e8me biennale d&rsquo;art contemporain, La Chaux-de-Fonds &#8211; 2012<br>&#8211; 5\u00e8me biennale armoricaine d&rsquo;art vivant contemporain, Saint Brieuc &#8211; 2011<br>&#8211; 8\u00e8me \u00e9dition du Festival international d&rsquo;art visuel &#8211; L&rsquo;\u00e9t\u00e9 des arts &#8211; 2011<br>&#8211; \u00a0DRAWNING NOW Paris &#8211; Galerie Charlotte Norberg, Paris &#8211; 2011<br>&#8211; Juste de passage &#8211; Le 19, centre d&rsquo;art contemporain, Montb\u00e9liard &#8211; 2010<br>&#8211; 69\u00e8me biennale d&rsquo;art contemporain, La Chaux-de-Fonds &#8211; 2010<br>&#8211; SLICK Paris &#8211; Galerie Charlotte Norberg, Paris &#8211; 2009<br>&#8211; Petits Formats, Galerie Charlotte Norberg, Paris &#8211; 2009<br>&#8211; Exposition Jeanne Lombard, mus\u00e9e d&rsquo;Art et d&rsquo;Histoire de Neuch\u00e2tel &#8211; 2008<br>&#8211; Room 01, Everydaysgallery, Paris &#8211; 2008<br>&#8211; Room 00, Everydaysgallery, Paris &#8211; 2008<br>&#8211; 68\u00e8me Biennale de la Chaux-de-fonds &#8211; 2007<br>&#8211; Saint Gr\u00e9goire, Grand prix de peinture &#8211; 2003<br>&#8211; Lexmark Art Prize. Triennale de Milan &#8211; 2004<br>&#8211; Saint Gr\u00e9goire, Grand prix de peinture &#8211; 2003<br>&#8211; Curraint d&rsquo;ajer, Art in Engiadina Bassa, Nairs, Suisse &#8211; 1999<br>&#8211; Jeune Cr\u00e9ation, Espace Eiffel Branly, Paris &#8211; 1998<br>&#8211; Voi siete qui, Ex Cartiera, Rome &#8211; 1998<br>&#8211; Salon de la jeune peinture, Espace Eiffel Branly, Paris &#8211; 1998<br>&#8211; Rencontres d&rsquo;un jour, Espace Paul Ricard, Paris -1998<br>&#8211; Salon de Montrouge, ville de Montrouge &#8211; 1998<br>&#8211; Concours F\u00e9d\u00e9ral des Beaux Arts, B\u00e2le, Suisse &#8211; 1997<br>&#8211; Centre d&rsquo;Art Comtemporain, Gen\u00e8ve, Suisse &#8211; 1997<br>&#8211; Concours f\u00e9d\u00e9ral des beaux Arts, Montreux, Suisse &#8211; 1996<br>&#8211; Elle qui s&rsquo;est mise nue devant son aim\u00e9, Galerie Alessandro Vivas &#8211; 1996<br>&#8211; Novembre \u00e0 Vitry, ville de Vitry &#8211; 1995<\/p>\n\n\n\n<p>Awards<\/p>\n\n\n\n<p>&#8211; Collection Katrin Bechtler, ChemicalmoonBaby, Z\u00fcrich<br>&#8211; R\u00e9sidence \u00e0 l&rsquo;institut Suisse de Rome &#8211; 2006<br>&#8211; R\u00e9sidence Maloja, Suisse &#8211; 2004<br>&#8211; Prix sp\u00e9cial du jury du 17e Grand prix de peinture de Saint-Gr\u00e9goire-2003<br>&#8211; Subsides de travail de la fondation UBS pour la culture, Suisse &#8211; 2001<br>&#8211; R\u00e9sidence Nairs, Suisse &#8211; 1999<br>&#8211; Prix du salon de la jeune peinture, Paris &#8211; 1998<br>&#8211; Pensionnaire de l&rsquo;institut Suisse de Rome &#8211; 1997\/1998<br>&#8211; Laur\u00e9ate du concours f\u00e9d\u00e9ral des Beaux Arts, B\u00e2le, Suisse &#8211; 1996<br>&#8211; Collection publique: Office f\u00e9d\u00e9ral de la culture, Berne, Suisse &#8211; 1996<br>&#8211; Aide \u00e0 la cr\u00e9ation, DRAC Ile de france, Paris &#8211; 1996<\/p>\n","protected":false},"excerpt":{"rendered":"<p>Solo exhibitions &#8211; Anne Emery pr\u00e9sent\u00e9e par Yoyo Maeght, Paris &#8211; 2024 &#8211; Conservatoire des Arts de Montigny le Bretonneux &#8211; 2023 &#8211; Anne Emery &#8211; Le temps de la couleur avec Marcel Proust, Galerie 2.13pm, Bougival &#8211; 2023 &#8211; Galerie du Lendemain, Alice et les intrigants, Paris &#8211; 2022&#8211; Galerie Mondapart, Vivre au bord [&hellip;]<\/p>\n","protected":false},"author":1,"featured_media":0,"parent":0,"menu_order":0,"comment_status":"closed","ping_status":"closed","template":"","meta":[],"_links":{"self":[{"href":"https:\/\/www.anneemery.fr\/index.php\/wp-json\/wp\/v2\/pages\/443"}],"collection":[{"href":"https:\/\/www.anneemery.fr\/index.php\/wp-json\/wp\/v2\/pages"}],"about":[{"href":"https:\/\/www.anneemery.fr\/index.php\/wp-json\/wp\/v2\/types\/page"}],"author":[{"embeddable":true,"href":"https:\/\/www.anneemery.fr\/index.php\/wp-json\/wp\/v2\/users\/1"}],"replies":[{"embeddable":true,"href":"https:\/\/www.anneemery.fr\/index.php\/wp-json\/wp\/v2\/comments?post=443"}],"version-history":[{"count":34,"href":"https:\/\/www.anneemery.fr\/index.php\/wp-json\/wp\/v2\/pages\/443\/revisions"}],"predecessor-version":[{"id":2709,"href":"https:\/\/www.anneemery.fr\/index.php\/wp-json\/wp\/v2\/pages\/443\/revisions\/2709"}],"wp:attachment":[{"href":"https:\/\/www.anneemery.fr\/index.php\/wp-json\/wp\/v2\/media?parent=443"}],"curies":[{"name":"wp","href":"https:\/\/api.w.org\/{rel}","templated":true}]}}